{"id":4307,"date":"2021-03-16T09:45:12","date_gmt":"2021-03-16T16:45:12","guid":{"rendered":"https:\/\/bajafilmcommission.com\/?page_id=4307"},"modified":"2023-12-20T13:29:28","modified_gmt":"2023-12-20T21:29:28","slug":"datos-generales-del-estado","status":"publish","type":"page","link":"https:\/\/bajafilmcommission.com\/en\/datos-generales-del-estado\/","title":{"rendered":"General information"},"content":{"rendered":"<div class=\"vc_row wpb_row vc_row-fluid\"><div class=\"wpb_column vc_column_container vc_col-sm-8\"><div class=\"vc_column-inner\"><div class=\"wpb_wrapper\">\n\t<div class=\"wpb_text_column wpb_content_element  wpb_animate_when_almost_visible wpb_fadeInUp fadeInUp\" >\n\t\t<div class=\"wpb_wrapper\">\n\t\t\t<p>Baja California is located in the extreme northwest of the northwest region of Mexico, bordering to the north with the state of California, United States of America; to the east with the Mexican state of Sonora and the Sea of Cortez or Gulf of California; to the south with Baja California Sur and to the west with the Pacific Ocean. It has an approximate of 4 million inhabitants. It is divided into six municipalities (Ensenada, Mexicali, San Quint\u00edn, Tecate, Tijuana and Rosarito) and in its territory you can find a wide variety of locations including deserts, dunes, mountains, rock formations, forests, beaches, valleys, towns, buildings and urban areas.<\/p>\n\n\t\t<\/div>\n\t<\/div>\n\n\t<div class=\"wpb_text_column wpb_content_element  wpb_animate_when_almost_visible wpb_fadeInUp fadeInUp\" >\n\t\t<div class=\"wpb_wrapper\">\n\t\t\t<p>With a history of high-level film projects, such as the development and construction of Baja Studios for the filming of the movie \u201cTitanic\u201d (1997), which received 11 Academy Awards and was considered the highest-grossing feature film in history. Due to its location in the border area, it was used on multiple occasions for international productions, mainly developed in those studios.<\/p>\n\n\t\t<\/div>\n\t<\/div>\n\n\t<div class=\"wpb_text_column wpb_content_element  wpb_animate_when_almost_visible wpb_fadeInUp fadeInUp\" >\n\t\t<div class=\"wpb_wrapper\">\n\t\t\t<p>The effort of qualified professionals residing in Baja California has yielded an average of 70 productions per year, including in addition to feature films, short films, documentaries, and web \/ television series, for example \u201cFear the Walking Dead\u201d (AMC, 2015), \"Selena: The Series\" (Netflix, 2020), \"Coyote\" (CBS, 2021) and \"Marea Alta\" (VIX+, 2023).<\/p>\n\n\t\t<\/div>\n\t<\/div>\n<\/div><\/div><\/div><div class=\"wpb_column vc_column_container vc_col-sm-4\"><div class=\"vc_column-inner\"><div class=\"wpb_wrapper\">\n\t<div  class=\"wpb_single_image wpb_content_element vc_align_center  wpb_animate_when_almost_visible wpb_fadeIn fadeIn\">\n\t\t\n\t\t<figure class=\"wpb_wrapper vc_figure\">\n\t\t\t<div class=\"vc_single_image-wrapper   vc_box_border_grey\"><img loading=\"lazy\" decoding=\"async\" data-vc-zoom=\"https:\/\/bajafilmcommission.com\/wp-content\/uploads\/2020\/11\/ENSENADA-1-1024x768.jpg\" width=\"2560\" height=\"1920\" src=\"https:\/\/bajafilmcommission.com\/wp-content\/uploads\/2020\/11\/ENSENADA-1-scaled.jpg\" class=\"vc_single_image-img attachment-full\" alt=\"\" srcset=\"https:\/\/bajafilmcommission.com\/wp-content\/uploads\/2020\/11\/ENSENADA-1-scaled.jpg 2560w, https:\/\/bajafilmcommission.com\/wp-content\/uploads\/2020\/11\/ENSENADA-1-300x225.jpg 300w, https:\/\/bajafilmcommission.com\/wp-content\/uploads\/2020\/11\/ENSENADA-1-1024x768.jpg 1024w, https:\/\/bajafilmcommission.com\/wp-content\/uploads\/2020\/11\/ENSENADA-1-768x576.jpg 768w, https:\/\/bajafilmcommission.com\/wp-content\/uploads\/2020\/11\/ENSENADA-1-1536x1152.jpg 1536w, https:\/\/bajafilmcommission.com\/wp-content\/uploads\/2020\/11\/ENSENADA-1-2048x1536.jpg 2048w, https:\/\/bajafilmcommission.com\/wp-content\/uploads\/2020\/11\/ENSENADA-1-600x450.jpg 600w\" sizes=\"auto, (max-width: 2560px) 100vw, 2560px\" \/><\/div>\n\t\t<\/figure>\n\t<\/div>\n<\/div><\/div><\/div><\/div>","protected":false},"excerpt":{"rendered":"Baja California est\u00e1 ubicado en el extremo noroeste de la regi\u00f3n noroeste de M\u00e9xico, limitando al norte con el estado de California, Estados Unidos de Norteam\u00e9rica; al este con el estado mexicano de Sonora y el mar de Cort\u00e9s o Golfo de California; al sur con Baja California Sur y al oeste con el Oc\u00e9ano [...]","protected":false},"author":1,"featured_media":0,"parent":0,"menu_order":0,"comment_status":"closed","ping_status":"closed","template":"","meta":{"om_disable_all_campaigns":false,"footnotes":""},"class_list":["post-4307","page","type-page","status-publish","hentry","clearfix"],"_links":{"self":[{"href":"https:\/\/bajafilmcommission.com\/en\/wp-json\/wp\/v2\/pages\/4307","targetHints":{"allow":["GET"]}}],"collection":[{"href":"https:\/\/bajafilmcommission.com\/en\/wp-json\/wp\/v2\/pages"}],"about":[{"href":"https:\/\/bajafilmcommission.com\/en\/wp-json\/wp\/v2\/types\/page"}],"author":[{"embeddable":true,"href":"https:\/\/bajafilmcommission.com\/en\/wp-json\/wp\/v2\/users\/1"}],"replies":[{"embeddable":true,"href":"https:\/\/bajafilmcommission.com\/en\/wp-json\/wp\/v2\/comments?post=4307"}],"version-history":[{"count":8,"href":"https:\/\/bajafilmcommission.com\/en\/wp-json\/wp\/v2\/pages\/4307\/revisions"}],"predecessor-version":[{"id":4819,"href":"https:\/\/bajafilmcommission.com\/en\/wp-json\/wp\/v2\/pages\/4307\/revisions\/4819"}],"wp:attachment":[{"href":"https:\/\/bajafilmcommission.com\/en\/wp-json\/wp\/v2\/media?parent=4307"}],"curies":[{"name":"wp","href":"https:\/\/api.w.org\/{rel}","templated":true}]}}