{"id":4169,"date":"2021-03-02T06:29:41","date_gmt":"2021-03-02T14:29:41","guid":{"rendered":"https:\/\/bajafilmcommission.com\/?page_id=4169"},"modified":"2021-03-03T23:19:05","modified_gmt":"2021-03-04T07:19:05","slug":"leyes","status":"publish","type":"page","link":"https:\/\/bajafilmcommission.com\/en\/leyes\/","title":{"rendered":"Laws"},"content":{"rendered":"<div data-vc-full-width=\"true\" data-vc-full-width-init=\"false\" data-vc-stretch-content=\"true\" class=\"vc_row wpb_row vc_row-fluid\"><div class=\"wpb_column vc_column_container vc_col-sm-8\"><div class=\"vc_column-inner\"><div class=\"wpb_wrapper\">            \n            <div class=\"wpb_animate_when_almost_visible haru-css-animation wpb_fadeInLeft\">\n                    <div class=\"icon-box-shortcode-wrap style_1\">\n        <div class=\"icon-box-container\">\n                    <a href=\"http:\/\/bajafilmcommission.com\/wp-content\/uploads\/2021\/03\/Acuerdo-de-Creacion-de-la-Comision-Estatal-de-Filmaciones-de-Baja-California.pdf\" title=\"\" target=\"_blank\">\n                    <div class=\"icon-wrap\" style=\"color:black\">\n                <span class=\"fas fa-cloud-download-alt\"><\/span>\n            <\/div>    \n                    <\/a>\n                    <div class=\"icon-content\">\n                <h5 class=\"icon-title\">\n                                            <a href=\"http:\/\/bajafilmcommission.com\/wp-content\/uploads\/2021\/03\/Acuerdo-de-Creacion-de-la-Comision-Estatal-de-Filmaciones-de-Baja-California.pdf\" title=\"\" target=\"_blank\">\n                                        Acuerdo de Creacion de la Comision Estatal de Filmaciones de Baja California                                            <\/a>\n                                    <\/h5>\n                <p class=\"icon-description\"><\/p>\n            <\/div>\n        <\/div>\n    <\/div>\n            <\/div>\n            \n                    \n            <div class=\"wpb_animate_when_almost_visible haru-css-animation wpb_fadeInLeft\">\n                    <div class=\"icon-box-shortcode-wrap style_1\">\n        <div class=\"icon-box-container\">\n                    <a href=\"http:\/\/bajafilmcommission.com\/wp-content\/uploads\/2021\/03\/Ley-Federal-de-Cinematografia.pdf\" title=\"\" target=\"_blank\">\n                    <div class=\"icon-wrap\" style=\"color:black\">\n                <span class=\"fas fa-cloud-download-alt\"><\/span>\n            <\/div>    \n                    <\/a>\n                    <div class=\"icon-content\">\n                <h5 class=\"icon-title\">\n                                            <a href=\"http:\/\/bajafilmcommission.com\/wp-content\/uploads\/2021\/03\/Ley-Federal-de-Cinematografia.pdf\" title=\"\" target=\"_blank\">\n                                        Ley Federal de Cinematograf\u00eda                                            <\/a>\n                                    <\/h5>\n                <p class=\"icon-description\"><\/p>\n            <\/div>\n        <\/div>\n    <\/div>\n            <\/div>\n            \n        <\/div><\/div><\/div><div class=\"wpb_column vc_column_container vc_col-sm-4\"><div class=\"vc_column-inner\"><div class=\"wpb_wrapper\">\n\t<div  class=\"wpb_single_image wpb_content_element vc_align_center  wpb_animate_when_almost_visible wpb_fadeIn fadeIn\">\n\t\t\n\t\t<figure class=\"wpb_wrapper vc_figure\">\n\t\t\t<div class=\"vc_single_image-wrapper vc_box_shadow_3d  vc_box_border_grey\"><img loading=\"lazy\" decoding=\"async\" data-vc-zoom=\"https:\/\/bajafilmcommission.com\/wp-content\/uploads\/2020\/11\/RUTA-DEL-VINO-6-1024x683.jpg\" width=\"1024\" height=\"683\" src=\"https:\/\/bajafilmcommission.com\/wp-content\/uploads\/2020\/11\/RUTA-DEL-VINO-6-1024x683.jpg\" class=\"vc_single_image-img attachment-large\" alt=\"\" srcset=\"https:\/\/bajafilmcommission.com\/wp-content\/uploads\/2020\/11\/RUTA-DEL-VINO-6-1024x683.jpg 1024w, https:\/\/bajafilmcommission.com\/wp-content\/uploads\/2020\/11\/RUTA-DEL-VINO-6-300x200.jpg 300w, https:\/\/bajafilmcommission.com\/wp-content\/uploads\/2020\/11\/RUTA-DEL-VINO-6-768x512.jpg 768w, https:\/\/bajafilmcommission.com\/wp-content\/uploads\/2020\/11\/RUTA-DEL-VINO-6-1536x1024.jpg 1536w, https:\/\/bajafilmcommission.com\/wp-content\/uploads\/2020\/11\/RUTA-DEL-VINO-6-2048x1365.jpg 2048w, https:\/\/bajafilmcommission.com\/wp-content\/uploads\/2020\/11\/RUTA-DEL-VINO-6-600x400.jpg 600w\" sizes=\"auto, (max-width: 1024px) 100vw, 1024px\" \/><\/div>\n\t\t<\/figure>\n\t<\/div>\n<\/div><\/div><\/div><\/div><div class=\"vc_row-full-width vc_clearfix\"><\/div><div data-vc-full-width=\"true\" data-vc-full-width-init=\"false\" data-vc-stretch-content=\"true\" class=\"vc_row wpb_row vc_row-fluid\"><div class=\"wpb_column vc_column_container vc_col-sm-4\"><div class=\"vc_column-inner\"><div class=\"wpb_wrapper\">\n\t<div  class=\"wpb_single_image wpb_content_element vc_align_center  wpb_animate_when_almost_visible wpb_fadeIn fadeIn\">\n\t\t\n\t\t<figure class=\"wpb_wrapper vc_figure\">\n\t\t\t<div class=\"vc_single_image-wrapper vc_box_shadow_3d  vc_box_border_grey\"><img loading=\"lazy\" decoding=\"async\" data-vc-zoom=\"https:\/\/bajafilmcommission.com\/wp-content\/uploads\/2020\/11\/San-Felipe-1024x681.jpg\" width=\"1024\" height=\"681\" src=\"https:\/\/bajafilmcommission.com\/wp-content\/uploads\/2020\/11\/San-Felipe-1024x681.jpg\" class=\"vc_single_image-img attachment-large\" alt=\"\" srcset=\"https:\/\/bajafilmcommission.com\/wp-content\/uploads\/2020\/11\/San-Felipe-1024x681.jpg 1024w, https:\/\/bajafilmcommission.com\/wp-content\/uploads\/2020\/11\/San-Felipe-300x199.jpg 300w, https:\/\/bajafilmcommission.com\/wp-content\/uploads\/2020\/11\/San-Felipe-768x511.jpg 768w, https:\/\/bajafilmcommission.com\/wp-content\/uploads\/2020\/11\/San-Felipe-1536x1021.jpg 1536w, https:\/\/bajafilmcommission.com\/wp-content\/uploads\/2020\/11\/San-Felipe-2048x1362.jpg 2048w, https:\/\/bajafilmcommission.com\/wp-content\/uploads\/2020\/11\/San-Felipe-600x399.jpg 600w\" sizes=\"auto, (max-width: 1024px) 100vw, 1024px\" \/><\/div>\n\t\t<\/figure>\n\t<\/div>\n<\/div><\/div><\/div><div class=\"wpb_column vc_column_container vc_col-sm-8\"><div class=\"vc_column-inner\"><div class=\"wpb_wrapper\">            \n            <div class=\"wpb_animate_when_almost_visible haru-css-animation wpb_fadeInRight\">\n                    <div class=\"icon-box-shortcode-wrap style_1\">\n        <div class=\"icon-box-container\">\n                    <a href=\"http:\/\/bajafilmcommission.com\/wp-content\/uploads\/2021\/03\/Ley-para-la-Promocion-Fomento-y-Desarrollo-de-la-Industria-Cinematografica-y-Audiovisual-del-Estado-de-Baja-California.pdf\" title=\"\" target=\"_blank\">\n                    <div class=\"icon-wrap\" style=\"color:black\">\n                <span class=\"fas fa-cloud-download-alt\"><\/span>\n            <\/div>    \n                    <\/a>\n                    <div class=\"icon-content\">\n                <h5 class=\"icon-title\">\n                                            <a href=\"http:\/\/bajafilmcommission.com\/wp-content\/uploads\/2021\/03\/Ley-para-la-Promocion-Fomento-y-Desarrollo-de-la-Industria-Cinematografica-y-Audiovisual-del-Estado-de-Baja-California.pdf\" title=\"\" target=\"_blank\">\n                                        Ley para la Promoci\u00f3n Fomento y Desarrollo de la Industria Cinematogr\u00e1fica y Audiovisual del Estado de Baja California                                            <\/a>\n                                    <\/h5>\n                <p class=\"icon-description\"><\/p>\n            <\/div>\n        <\/div>\n    <\/div>\n            <\/div>\n            \n                    \n            <div class=\"wpb_animate_when_almost_visible haru-css-animation wpb_fadeInRight\">\n                    <div class=\"icon-box-shortcode-wrap style_1\">\n        <div class=\"icon-box-container\">\n                    <a href=\"http:\/\/bajafilmcommission.com\/wp-content\/uploads\/2021\/03\/Reglamento-Ley-de-Filmaciones-de-Baja-California.pdf\" title=\"\" target=\"_blank\">\n                    <div class=\"icon-wrap\" style=\"color:black\">\n                <span class=\"fas fa-cloud-download-alt\"><\/span>\n            <\/div>    \n                    <\/a>\n                    <div class=\"icon-content\">\n                <h5 class=\"icon-title\">\n                                            <a href=\"http:\/\/bajafilmcommission.com\/wp-content\/uploads\/2021\/03\/Reglamento-Ley-de-Filmaciones-de-Baja-California.pdf\" title=\"\" target=\"_blank\">\n                                        Reglamento Ley de Filmaciones de Baja California                                            <\/a>\n                                    <\/h5>\n                <p class=\"icon-description\"><\/p>\n            <\/div>\n        <\/div>\n    <\/div>\n            <\/div>\n            \n                    \n            <div class=\"wpb_animate_when_almost_visible haru-css-animation wpb_fadeInRight\">\n                    <div class=\"icon-box-shortcode-wrap style_1\">\n        <div class=\"icon-box-container\">\n                    <a href=\"http:\/\/bajafilmcommission.com\/wp-content\/uploads\/2021\/03\/Reglamento-Ley-Federal-de-Cinematografia.pdf\" title=\"\" target=\"_blank\">\n                    <div class=\"icon-wrap\" style=\"color:black\">\n                <span class=\"fas fa-cloud-download-alt\"><\/span>\n            <\/div>    \n                    <\/a>\n                    <div class=\"icon-content\">\n                <h5 class=\"icon-title\">\n                                            <a href=\"http:\/\/bajafilmcommission.com\/wp-content\/uploads\/2021\/03\/Reglamento-Ley-Federal-de-Cinematografia.pdf\" title=\"\" target=\"_blank\">\n                                        Reglamento Ley Federal de Cinematograf\u00eda                                            <\/a>\n                                    <\/h5>\n                <p class=\"icon-description\"><\/p>\n            <\/div>\n        <\/div>\n    <\/div>\n            <\/div>\n            \n        <\/div><\/div><\/div><\/div><div class=\"vc_row-full-width vc_clearfix\"><\/div>","protected":false},"excerpt":{"rendered":"Acuerdo de Creacion de la Comision Estatal de Filmaciones de Baja California Ley Federal de Cinematograf\u00eda Ley para la Promoci\u00f3n Fomento y Desarrollo de la Industria Cinematogr\u00e1fica y Audiovisual del Estado de Baja California Reglamento Ley de Filmaciones de Baja California Reglamento Ley Federal de Cinematograf\u00eda","protected":false},"author":1,"featured_media":0,"parent":0,"menu_order":0,"comment_status":"closed","ping_status":"closed","template":"","meta":{"om_disable_all_campaigns":false,"footnotes":""},"class_list":["post-4169","page","type-page","status-publish","hentry","clearfix"],"_links":{"self":[{"href":"https:\/\/bajafilmcommission.com\/en\/wp-json\/wp\/v2\/pages\/4169","targetHints":{"allow":["GET"]}}],"collection":[{"href":"https:\/\/bajafilmcommission.com\/en\/wp-json\/wp\/v2\/pages"}],"about":[{"href":"https:\/\/bajafilmcommission.com\/en\/wp-json\/wp\/v2\/types\/page"}],"author":[{"embeddable":true,"href":"https:\/\/bajafilmcommission.com\/en\/wp-json\/wp\/v2\/users\/1"}],"replies":[{"embeddable":true,"href":"https:\/\/bajafilmcommission.com\/en\/wp-json\/wp\/v2\/comments?post=4169"}],"version-history":[{"count":9,"href":"https:\/\/bajafilmcommission.com\/en\/wp-json\/wp\/v2\/pages\/4169\/revisions"}],"predecessor-version":[{"id":4175,"href":"https:\/\/bajafilmcommission.com\/en\/wp-json\/wp\/v2\/pages\/4169\/revisions\/4175"}],"wp:attachment":[{"href":"https:\/\/bajafilmcommission.com\/en\/wp-json\/wp\/v2\/media?parent=4169"}],"curies":[{"name":"wp","href":"https:\/\/api.w.org\/{rel}","templated":true}]}}