{"id":3979,"date":"2021-01-07T23:01:06","date_gmt":"2021-01-08T07:01:06","guid":{"rendered":"https:\/\/bajafilmcommission.com\/?page_id=3979"},"modified":"2025-05-27T16:05:55","modified_gmt":"2025-05-27T23:05:55","slug":"laboratorios-medicos","status":"publish","type":"page","link":"https:\/\/bajafilmcommission.com\/en\/laboratorios-medicos\/","title":{"rendered":"Medical Laboratories"},"content":{"rendered":"<div class=\"vc_row wpb_row vc_row-fluid\"><div class=\"wpb_column vc_column_container vc_col-sm-4\"><div class=\"vc_column-inner\"><div class=\"wpb_wrapper\">\n\t<div  class=\"wpb_single_image wpb_content_element vc_align_center  wpb_animate_when_almost_visible wpb_zoomIn zoomIn\">\n\t\t\n\t\t<figure class=\"wpb_wrapper vc_figure\">\n\t\t\t<a href=\"http:\/\/www.laboratorioaccura.com\/\" target=\"_blank\" class=\"vc_single_image-wrapper   vc_box_border_grey\"><img loading=\"lazy\" decoding=\"async\" width=\"300\" height=\"300\" src=\"https:\/\/bajafilmcommission.com\/wp-content\/uploads\/2021\/01\/accura.jpg-300x300.png\" class=\"vc_single_image-img attachment-medium\" alt=\"\" srcset=\"https:\/\/bajafilmcommission.com\/wp-content\/uploads\/2021\/01\/accura.jpg.png 300w, https:\/\/bajafilmcommission.com\/wp-content\/uploads\/2021\/01\/accura.jpg-150x150.png 150w, https:\/\/bajafilmcommission.com\/wp-content\/uploads\/2021\/01\/accura.jpg-12x12.png 12w\" sizes=\"auto, (max-width: 300px) 100vw, 300px\" \/><\/a>\n\t\t<\/figure>\n\t<\/div>\n\n\t<div class=\"wpb_text_column wpb_content_element  wpb_animate_when_almost_visible wpb_fadeIn fadeIn\" >\n\t\t<div class=\"wpb_wrapper\">\n\t\t\t<h2 style=\"text-align: center;\"><a href=\"http:\/\/www.laboratorioaccura.com\/\" target=\"_blank\" rel=\"noopener noreferrer\"><strong>Accura Laboratorio Cl\u00ednico<\/strong><\/a><\/h2>\n<p><span style=\"font-weight: 400;\">Contact: Jorge Accura<br \/>\n<\/span><span style=\"font-weight: 400;\">Position: Managing Director<\/span><span style=\"font-weight: 400;\"><br \/>\n<\/span><span style=\"font-weight: 400;\">Tel: 664 684-7149 \/ 664 900-6019<br \/>\n<\/span><span style=\"font-weight: 400;\">Email: <\/span><a href=\"mailto:info@laboratorioaccura.com\"><span style=\"font-weight: 400;\">info@laboratorioaccura.com<\/span><\/a><\/p>\n\n\t\t<\/div>\n\t<\/div>\n<\/div><\/div><\/div><div class=\"wpb_column vc_column_container vc_col-sm-4\"><div class=\"vc_column-inner\"><div class=\"wpb_wrapper\">\n\t<div  class=\"wpb_single_image wpb_content_element vc_align_center  wpb_animate_when_almost_visible wpb_zoomIn zoomIn\">\n\t\t\n\t\t<figure class=\"wpb_wrapper vc_figure\">\n\t\t\t<a href=\"https:\/\/gleco.mx\/\" target=\"_blank\" class=\"vc_single_image-wrapper   vc_box_border_grey\"><img loading=\"lazy\" decoding=\"async\" width=\"300\" height=\"300\" src=\"https:\/\/bajafilmcommission.com\/wp-content\/uploads\/2021\/01\/glecolab_logo-300x300.png\" class=\"vc_single_image-img attachment-medium\" alt=\"\" srcset=\"https:\/\/bajafilmcommission.com\/wp-content\/uploads\/2021\/01\/glecolab_logo.png 300w, https:\/\/bajafilmcommission.com\/wp-content\/uploads\/2021\/01\/glecolab_logo-150x150.png 150w, https:\/\/bajafilmcommission.com\/wp-content\/uploads\/2021\/01\/glecolab_logo-12x12.png 12w\" sizes=\"auto, (max-width: 300px) 100vw, 300px\" \/><\/a>\n\t\t<\/figure>\n\t<\/div>\n\n\t<div class=\"wpb_text_column wpb_content_element  wpb_animate_when_almost_visible wpb_fadeIn fadeIn\" >\n\t\t<div class=\"wpb_wrapper\">\n\t\t\t<h2 style=\"text-align: center;\"><a href=\"https:\/\/gleco.mx\/\" target=\"_blank\" rel=\"noopener noreferrer\"><strong>Glecolab by Wellwaves<\/strong><\/a><\/h2>\n<p><span style=\"font-weight: 400;\">Contact: Marco Santelices<br \/>\n<\/span><span style=\"font-weight: 400;\">Position: Corporate Partner<br \/>\n<\/span>Tel: 664 386-3616<br \/>\nEmail: <a href=\"mailto:ventas@wellwavescenter.com\"><span style=\"font-weight: 400;\">ventas@wellwavescenter.com<\/span><\/a><\/p>\n\n\t\t<\/div>\n\t<\/div>\n<\/div><\/div><\/div><div class=\"wpb_column vc_column_container vc_col-sm-4\"><div class=\"vc_column-inner\"><div class=\"wpb_wrapper\"><\/div><\/div><\/div><\/div>","protected":false},"excerpt":{"rendered":"Accura Laboratorio Cl\u00ednico Contacto: Jorge Accura Cargo: Director General Tel\u00e9fono: 664 684-7149 \/ 664 900-6019 Correo electr\u00f3nico: info@laboratorioaccura.com Glecolab by Wellwaves Contacto: Marco Santelices Cargo: Socio Corporativo Tel\u00e9fono: 664 386-3616 Correo electr\u00f3nico: ventas@wellwavescenter.com","protected":false},"author":1,"featured_media":0,"parent":0,"menu_order":0,"comment_status":"closed","ping_status":"closed","template":"","meta":{"om_disable_all_campaigns":false,"footnotes":""},"class_list":["post-3979","page","type-page","status-publish","hentry","clearfix"],"_links":{"self":[{"href":"https:\/\/bajafilmcommission.com\/en\/wp-json\/wp\/v2\/pages\/3979","targetHints":{"allow":["GET"]}}],"collection":[{"href":"https:\/\/bajafilmcommission.com\/en\/wp-json\/wp\/v2\/pages"}],"about":[{"href":"https:\/\/bajafilmcommission.com\/en\/wp-json\/wp\/v2\/types\/page"}],"author":[{"embeddable":true,"href":"https:\/\/bajafilmcommission.com\/en\/wp-json\/wp\/v2\/users\/1"}],"replies":[{"embeddable":true,"href":"https:\/\/bajafilmcommission.com\/en\/wp-json\/wp\/v2\/comments?post=3979"}],"version-history":[{"count":14,"href":"https:\/\/bajafilmcommission.com\/en\/wp-json\/wp\/v2\/pages\/3979\/revisions"}],"predecessor-version":[{"id":5015,"href":"https:\/\/bajafilmcommission.com\/en\/wp-json\/wp\/v2\/pages\/3979\/revisions\/5015"}],"wp:attachment":[{"href":"https:\/\/bajafilmcommission.com\/en\/wp-json\/wp\/v2\/media?parent=3979"}],"curies":[{"name":"wp","href":"https:\/\/api.w.org\/{rel}","templated":true}]}}