{"id":3883,"date":"2021-01-05T15:43:51","date_gmt":"2021-01-05T23:43:51","guid":{"rendered":"https:\/\/bajafilmcommission.com\/?page_id=3883"},"modified":"2025-08-15T15:57:16","modified_gmt":"2025-08-15T22:57:16","slug":"eventos-cinematograficos","status":"publish","type":"page","link":"https:\/\/bajafilmcommission.com\/en\/eventos-cinematograficos\/","title":{"rendered":"Film Festivals"},"content":{"rendered":"<div class=\"vc_row wpb_row vc_row-fluid\"><div class=\"wpb_column vc_column_container vc_col-sm-4\"><div class=\"vc_column-inner\"><div class=\"wpb_wrapper\">\n\t<div  class=\"wpb_single_image wpb_content_element vc_align_center  wpb_animate_when_almost_visible wpb_zoomIn zoomIn\">\n\t\t\n\t\t<figure class=\"wpb_wrapper vc_figure\">\n\t\t\t<a href=\"http:\/\/udci.mx\" target=\"_blank\" class=\"vc_single_image-wrapper   vc_box_border_grey\"><img loading=\"lazy\" decoding=\"async\" width=\"300\" height=\"300\" src=\"https:\/\/bajafilmcommission.com\/wp-content\/uploads\/2021\/01\/cortocreativo_logo-300x300.png\" class=\"vc_single_image-img attachment-medium\" alt=\"\" srcset=\"https:\/\/bajafilmcommission.com\/wp-content\/uploads\/2021\/01\/cortocreativo_logo-300x300.png 300w, https:\/\/bajafilmcommission.com\/wp-content\/uploads\/2021\/01\/cortocreativo_logo-150x150.png 150w, https:\/\/bajafilmcommission.com\/wp-content\/uploads\/2021\/01\/cortocreativo_logo-768x768.png 768w, https:\/\/bajafilmcommission.com\/wp-content\/uploads\/2021\/01\/cortocreativo_logo-12x12.png 12w, https:\/\/bajafilmcommission.com\/wp-content\/uploads\/2021\/01\/cortocreativo_logo-600x600.png 600w, https:\/\/bajafilmcommission.com\/wp-content\/uploads\/2021\/01\/cortocreativo_logo.png 800w\" sizes=\"auto, (max-width: 300px) 100vw, 300px\" \/><\/a>\n\t\t<\/figure>\n\t<\/div>\n\n\t<div class=\"wpb_text_column wpb_content_element  wpb_animate_when_almost_visible wpb_fadeIn fadeIn\" >\n\t\t<div class=\"wpb_wrapper\">\n\t\t\t<h3 style=\"text-align: center;\"><a href=\"http:\/\/udci.mx\" target=\"_blank\" rel=\"noopener noreferrer\"><strong>Festival y Muestra Internacional de cortometrajes Corto Creativo UDCI<\/strong><\/a><\/h3>\n<p>International Short Film Festival and Exhibition where short films made by students are exhibited and awarded.<\/p>\n\n\t\t<\/div>\n\t<\/div>\n<\/div><\/div><\/div><div class=\"wpb_column vc_column_container vc_col-sm-4\"><div class=\"vc_column-inner\"><div class=\"wpb_wrapper\">\n\t<div  class=\"wpb_single_image wpb_content_element vc_align_center  wpb_animate_when_almost_visible wpb_zoomIn zoomIn\">\n\t\t\n\t\t<figure class=\"wpb_wrapper vc_figure\">\n\t\t\t<a href=\"https:\/\/www.facebook.com\/facinetijuana\" target=\"_blank\" class=\"vc_single_image-wrapper   vc_box_border_grey\"><img loading=\"lazy\" decoding=\"async\" width=\"300\" height=\"300\" src=\"https:\/\/bajafilmcommission.com\/wp-content\/uploads\/2021\/01\/FACINE_logo-300x300.png\" class=\"vc_single_image-img attachment-medium\" alt=\"\" srcset=\"https:\/\/bajafilmcommission.com\/wp-content\/uploads\/2021\/01\/FACINE_logo-300x300.png 300w, https:\/\/bajafilmcommission.com\/wp-content\/uploads\/2021\/01\/FACINE_logo-150x150.png 150w, https:\/\/bajafilmcommission.com\/wp-content\/uploads\/2021\/01\/FACINE_logo-768x768.png 768w, https:\/\/bajafilmcommission.com\/wp-content\/uploads\/2021\/01\/FACINE_logo-12x12.png 12w, https:\/\/bajafilmcommission.com\/wp-content\/uploads\/2021\/01\/FACINE_logo-600x600.png 600w, https:\/\/bajafilmcommission.com\/wp-content\/uploads\/2021\/01\/FACINE_logo.png 800w\" sizes=\"auto, (max-width: 300px) 100vw, 300px\" \/><\/a>\n\t\t<\/figure>\n\t<\/div>\n\n\t<div class=\"wpb_text_column wpb_content_element  wpb_animate_when_almost_visible wpb_fadeIn fadeIn\" >\n\t\t<div class=\"wpb_wrapper\">\n\t\t\t<h3 style=\"text-align: center;\"><a href=\"https:\/\/www.facebook.com\/facinetijuana\" target=\"_blank\" rel=\"noopener noreferrer\"><strong>Foro Internacional de An\u00e1lisis Cinematogr\u00e1fico (FACINE)<\/strong><\/a><\/h3>\n<p>We are a forum where different views converge on the film phenomenon, audiovisual and contemporary visualities.<\/p>\n\n\t\t<\/div>\n\t<\/div>\n<\/div><\/div><\/div><div class=\"wpb_column vc_column_container vc_col-sm-4\"><div class=\"vc_column-inner\"><div class=\"wpb_wrapper\">\n\t<div  class=\"wpb_single_image wpb_content_element vc_align_center  wpb_animate_when_almost_visible wpb_zoomIn zoomIn\">\n\t\t\n\t\t<figure class=\"wpb_wrapper vc_figure\">\n\t\t\t<a href=\"https:\/\/ficens.com.mx\/\" target=\"_blank\" class=\"vc_single_image-wrapper   vc_box_border_grey\"><img loading=\"lazy\" decoding=\"async\" width=\"300\" height=\"300\" src=\"https:\/\/bajafilmcommission.com\/wp-content\/uploads\/2024\/07\/Logo-festival-1-300x300.png\" class=\"vc_single_image-img attachment-medium\" alt=\"\" srcset=\"https:\/\/bajafilmcommission.com\/wp-content\/uploads\/2024\/07\/Logo-festival-1-300x300.png 300w, https:\/\/bajafilmcommission.com\/wp-content\/uploads\/2024\/07\/Logo-festival-1-150x150.png 150w, https:\/\/bajafilmcommission.com\/wp-content\/uploads\/2024\/07\/Logo-festival-1-768x768.png 768w, https:\/\/bajafilmcommission.com\/wp-content\/uploads\/2024\/07\/Logo-festival-1-12x12.png 12w, https:\/\/bajafilmcommission.com\/wp-content\/uploads\/2024\/07\/Logo-festival-1.png 800w\" sizes=\"auto, (max-width: 300px) 100vw, 300px\" \/><\/a>\n\t\t<\/figure>\n\t<\/div>\n\n\t<div class=\"wpb_text_column wpb_content_element  wpb_animate_when_almost_visible wpb_fadeIn fadeIn\" >\n\t\t<div class=\"wpb_wrapper\">\n\t\t\t<h3 style=\"text-align: center;\"><a href=\"https:\/\/ficens.com.mx\/\" target=\"_blank\" rel=\"noopener noreferrer\"><strong>Festival Internacional de Cine en Ensenada<\/strong><\/a><\/h3>\n<p>The Ensenada International Film Festival seeks to promote fresh and challenging visions. We recognize that there are countless productions made with limited resources but that possess invaluable quality, due to their themes and personal visions. The festival seeks to showcase the best of this cinema at the national and Latin American levels, while fostering dialogue with filmmakers and the public to create a stronger community.<\/p>\n\n\t\t<\/div>\n\t<\/div>\n<\/div><\/div><\/div><\/div><div class=\"vc_row wpb_row vc_row-fluid\"><div class=\"wpb_column vc_column_container vc_col-sm-4\"><div class=\"vc_column-inner\"><div class=\"wpb_wrapper\">\n\t<div  class=\"wpb_single_image wpb_content_element vc_align_center  wpb_animate_when_almost_visible wpb_zoomIn zoomIn\">\n\t\t\n\t\t<figure class=\"wpb_wrapper vc_figure\">\n\t\t\t<a href=\"https:\/\/bajafilmcommission.com\/en\/noticias\/\" target=\"_blank\" class=\"vc_single_image-wrapper   vc_box_border_grey\"><img loading=\"lazy\" decoding=\"async\" width=\"300\" height=\"300\" src=\"https:\/\/bajafilmcommission.com\/wp-content\/uploads\/2023\/10\/EMERGENTE-1-300x300.jpg\" class=\"vc_single_image-img attachment-medium\" alt=\"\" srcset=\"https:\/\/bajafilmcommission.com\/wp-content\/uploads\/2023\/10\/EMERGENTE-1-300x300.jpg 300w, https:\/\/bajafilmcommission.com\/wp-content\/uploads\/2023\/10\/EMERGENTE-1-150x150.jpg 150w, https:\/\/bajafilmcommission.com\/wp-content\/uploads\/2023\/10\/EMERGENTE-1-768x768.jpg 768w, https:\/\/bajafilmcommission.com\/wp-content\/uploads\/2023\/10\/EMERGENTE-1-12x12.jpg 12w, https:\/\/bajafilmcommission.com\/wp-content\/uploads\/2023\/10\/EMERGENTE-1.jpg 800w\" sizes=\"auto, (max-width: 300px) 100vw, 300px\" \/><\/a>\n\t\t<\/figure>\n\t<\/div>\n\n\t<div class=\"wpb_text_column wpb_content_element  wpb_animate_when_almost_visible wpb_fadeIn fadeIn\" >\n\t\t<div class=\"wpb_wrapper\">\n\t\t\t<h3 style=\"text-align: center;\"><a href=\"https:\/\/bajafilmcommission.com\/en\/noticias\/\" target=\"_blank\" rel=\"noopener noreferrer\"><strong>EMERGENTE BC<\/strong><\/a><\/h3>\n<p>EMERGENTE BC is a program of the Baja California Film Commission in collaboration with the Carlos Monsiv\u00e1is Film Library to showcase student exercises and short films from schools with curriculum related to audiovisual production.<\/p>\n\n\t\t<\/div>\n\t<\/div>\n<\/div><\/div><\/div><div class=\"wpb_column vc_column_container vc_col-sm-4\"><div class=\"vc_column-inner\"><div class=\"wpb_wrapper\">\n\t<div  class=\"wpb_single_image wpb_content_element vc_align_center  wpb_animate_when_almost_visible wpb_zoomIn zoomIn\">\n\t\t\n\t\t<figure class=\"wpb_wrapper vc_figure\">\n\t\t\t<a href=\"https:\/\/www.festivalcinetijuana.com\/\" target=\"_blank\" class=\"vc_single_image-wrapper   vc_box_border_grey\"><img loading=\"lazy\" decoding=\"async\" width=\"300\" height=\"300\" src=\"https:\/\/bajafilmcommission.com\/wp-content\/uploads\/2025\/07\/FCTJ_Wordmark-BCK-1-300x300.png\" class=\"vc_single_image-img attachment-medium\" alt=\"\" srcset=\"https:\/\/bajafilmcommission.com\/wp-content\/uploads\/2025\/07\/FCTJ_Wordmark-BCK-1-300x300.png 300w, https:\/\/bajafilmcommission.com\/wp-content\/uploads\/2025\/07\/FCTJ_Wordmark-BCK-1-150x150.png 150w, https:\/\/bajafilmcommission.com\/wp-content\/uploads\/2025\/07\/FCTJ_Wordmark-BCK-1-768x768.png 768w, https:\/\/bajafilmcommission.com\/wp-content\/uploads\/2025\/07\/FCTJ_Wordmark-BCK-1-12x12.png 12w, https:\/\/bajafilmcommission.com\/wp-content\/uploads\/2025\/07\/FCTJ_Wordmark-BCK-1.png 800w\" sizes=\"auto, (max-width: 300px) 100vw, 300px\" \/><\/a>\n\t\t<\/figure>\n\t<\/div>\n\n\t<div class=\"wpb_text_column wpb_content_element  wpb_animate_when_almost_visible wpb_fadeIn fadeIn\" >\n\t\t<div class=\"wpb_wrapper\">\n\t\t\t<h3 style=\"text-align: center;\"><a href=\"https:\/\/www.festivalcinetijuana.com\/\" target=\"_blank\" rel=\"noopener noreferrer\"><strong>Festival de Cine de Tijuana<\/strong><\/a><\/h3>\n<p>The Tijuana Film Festival is held with the support of the Tijuana Ministry of Culture and includes among its activities calls for project development, audiovisual exhibitions, workshops and discussions.<\/p>\n\n\t\t<\/div>\n\t<\/div>\n<\/div><\/div><\/div><div class=\"wpb_column vc_column_container vc_col-sm-4\"><div class=\"vc_column-inner\"><div class=\"wpb_wrapper\"><\/div><\/div><\/div><\/div><div class=\"vc_row wpb_row vc_row-fluid\"><div class=\"wpb_column vc_column_container vc_col-sm-4\"><div class=\"vc_column-inner\"><div class=\"wpb_wrapper\"><\/div><\/div><\/div><div class=\"wpb_column vc_column_container vc_col-sm-4\"><div class=\"vc_column-inner\"><div class=\"wpb_wrapper\"><\/div><\/div><\/div><div class=\"wpb_column vc_column_container vc_col-sm-4\"><div class=\"vc_column-inner\"><div class=\"wpb_wrapper\"><\/div><\/div><\/div><\/div><div class=\"vc_row wpb_row vc_row-fluid\"><div class=\"wpb_column vc_column_container vc_col-sm-12\"><div class=\"vc_column-inner\"><div class=\"wpb_wrapper\"><div class=\"vc_message_box vc_message_box-solid-icon vc_message_box-rounded vc_color-info\" ><div class=\"vc_message_box-icon\"><i class=\"fas fa-info-circle\"><\/i><\/div><p>\u00bfTe interesa registrar un evento cinematogr\u00e1fico? Llena este formato.<\/p>\n<p><a href=\"https:\/\/forms.gle\/x4RVCUR4tEvJXGtFA\" target=\"_blank\" rel=\"noopener noreferrer\">https:\/\/forms.gle\/x4RVCUR4tEvJXGtFA<\/a><\/p>\n<p>The directory will be updated monthly.<\/p>\n<\/div><\/div><\/div><\/div><\/div>","protected":false},"excerpt":{"rendered":"Festival y Muestra Internacional de cortometrajes Corto Creativo UDCI Festival y Muestra Internacional de Cortometrajes donde se exhiben y premian Cortometrajes realizados por estudiantes. Foro Internacional de An\u00e1lisis Cinematogr\u00e1fico (FACINE) Somos un espacio en donde convergen distintas miradas sobre el fen\u00f3meno f\u00edlmico, el audiovisual y las visualidades contempor\u00e1neas. Festival Internacional de Cine en Ensenada El [...]","protected":false},"author":1,"featured_media":0,"parent":0,"menu_order":0,"comment_status":"closed","ping_status":"closed","template":"","meta":{"om_disable_all_campaigns":false,"footnotes":""},"class_list":["post-3883","page","type-page","status-publish","hentry","clearfix"],"_links":{"self":[{"href":"https:\/\/bajafilmcommission.com\/en\/wp-json\/wp\/v2\/pages\/3883","targetHints":{"allow":["GET"]}}],"collection":[{"href":"https:\/\/bajafilmcommission.com\/en\/wp-json\/wp\/v2\/pages"}],"about":[{"href":"https:\/\/bajafilmcommission.com\/en\/wp-json\/wp\/v2\/types\/page"}],"author":[{"embeddable":true,"href":"https:\/\/bajafilmcommission.com\/en\/wp-json\/wp\/v2\/users\/1"}],"replies":[{"embeddable":true,"href":"https:\/\/bajafilmcommission.com\/en\/wp-json\/wp\/v2\/comments?post=3883"}],"version-history":[{"count":48,"href":"https:\/\/bajafilmcommission.com\/en\/wp-json\/wp\/v2\/pages\/3883\/revisions"}],"predecessor-version":[{"id":5071,"href":"https:\/\/bajafilmcommission.com\/en\/wp-json\/wp\/v2\/pages\/3883\/revisions\/5071"}],"wp:attachment":[{"href":"https:\/\/bajafilmcommission.com\/en\/wp-json\/wp\/v2\/media?parent=3883"}],"curies":[{"name":"wp","href":"https:\/\/api.w.org\/{rel}","templated":true}]}}