{"id":3458,"date":"2020-11-18T05:31:03","date_gmt":"2020-11-18T13:31:03","guid":{"rendered":"https:\/\/bajafilmcommission.com\/?page_id=3458"},"modified":"2025-09-01T23:18:37","modified_gmt":"2025-09-02T06:18:37","slug":"registro-de-produccion","status":"publish","type":"page","link":"https:\/\/bajafilmcommission.com\/en\/registro-de-produccion\/","title":{"rendered":"Film Permits"},"content":{"rendered":"<div class=\"vc_row wpb_row vc_row-fluid\"><div class=\"wpb_column vc_column_container vc_col-sm-12\"><div class=\"vc_column-inner\"><div class=\"wpb_wrapper\"><h2 style=\"text-align: center\" class=\"vc_custom_heading fw-700 fs-34 heading_style_13\">Formats to Download<\/h2>\n\t<div class=\"wpb_text_column wpb_content_element\" >\n\t\t<div class=\"wpb_wrapper\">\n\t\t\t<h5 style=\"text-align: center;\">Send the completed forms to javierespinoza@baja.gob.mx y bajafilmcommission@gmail.com<\/h5>\n\n\t\t<\/div>\n\t<\/div>\n<\/div><\/div><\/div><\/div><div data-vc-full-width=\"true\" data-vc-full-width-init=\"false\" data-vc-stretch-content=\"true\" class=\"vc_row wpb_row vc_row-fluid\"><div class=\"wpb_column vc_column_container vc_col-sm-8\"><div class=\"vc_column-inner\"><div class=\"wpb_wrapper\">            \n            <div class=\"wpb_animate_when_almost_visible haru-css-animation wpb_fadeInLeft style=&quot;-webkit-animation-duration: 1s;-moz-animation-duration: 1s;-ms-animation-duration: 1s;-o-animation-duration: 1s;animation-duration: 1s&quot;\">\n                    <div class=\"icon-box-shortcode-wrap style_1\">\n        <div class=\"icon-box-container\">\n                    <a href=\"https:\/\/bajafilmcommission.com\/wp-content\/uploads\/2025\/08\/Registro-Produccion-2025-Baja-Film-Commission.pdf\" title=\"Production Registration Baja Film Commission\" target=\"_blank\">\n                    <div class=\"icon-wrap\" style=\"color:black\">\n                <span class=\"fas fa-cloud-download-alt\"><\/span>\n            <\/div>    \n                    <\/a>\n                    <div class=\"icon-content\">\n                <h5 class=\"icon-title\">\n                                            <a href=\"https:\/\/bajafilmcommission.com\/wp-content\/uploads\/2025\/08\/Registro-Produccion-2025-Baja-Film-Commission.pdf\" title=\"Production Registration Baja Film Commission\" target=\"_blank\">\n                                        Production Registration Baja Film Commission                                            <\/a>\n                                    <\/h5>\n                <p class=\"icon-description\"><\/p>\n            <\/div>\n        <\/div>\n    <\/div>\n            <\/div>\n            \n                    \n            <div class=\"wpb_animate_when_almost_visible haru-css-animation wpb_fadeInLeft style=&quot;-webkit-animation-duration: 1s;-moz-animation-duration: 1s;-ms-animation-duration: 1s;-o-animation-duration: 1s;animation-duration: 1s&quot;\">\n                    <div class=\"icon-box-shortcode-wrap style_1\">\n        <div class=\"icon-box-container\">\n                    <a href=\"https:\/\/bajafilmcommission.com\/wp-content\/uploads\/2025\/08\/Como-Filmar-en-Baja-California-2025.pdf\" title=\"C\u00f3mo filmar en BC Direcci\u00f3n de Cinematograf\u00eda BC\" target=\"_blank\">\n                    <div class=\"icon-wrap\" style=\"color:black\">\n                <span class=\"fas fa-cloud-download-alt\"><\/span>\n            <\/div>    \n                    <\/a>\n                    <div class=\"icon-content\">\n                <h5 class=\"icon-title\">\n                                            <a href=\"https:\/\/bajafilmcommission.com\/wp-content\/uploads\/2025\/08\/Como-Filmar-en-Baja-California-2025.pdf\" title=\"C\u00f3mo filmar en BC Direcci\u00f3n de Cinematograf\u00eda BC\" target=\"_blank\">\n                                        C\u00f3mo Filmar en Baja California \/ How to Shoot in Baja California                                            <\/a>\n                                    <\/h5>\n                <p class=\"icon-description\"><\/p>\n            <\/div>\n        <\/div>\n    <\/div>\n            <\/div>\n            \n                    \n            <div class=\"wpb_animate_when_almost_visible haru-css-animation wpb_fadeInLeft style=&quot;-webkit-animation-duration: 1s;-moz-animation-duration: 1s;-ms-animation-duration: 1s;-o-animation-duration: 1s;animation-duration: 1s&quot;\">\n                    <div class=\"icon-box-shortcode-wrap style_1\">\n        <div class=\"icon-box-container\">\n                    <a href=\"https:\/\/bajafilmcommission.com\/wp-content\/uploads\/2025\/08\/REFORMA-2023-LEY-DE-PROMOCION-FOMENTO-Y-DESARROLLO-DE-LA-INDUSTRIA-CINEMATOGRAFICA-Y-AUDIOVISUAL-DEL-ESTADO-DE-BAJA-CALIFORNIA.pdf\" title=\"C\u00f3mo filmar en BC Direcci\u00f3n de Cinematograf\u00eda BC\" target=\"_blank\">\n                    <div class=\"icon-wrap\" style=\"color:black\">\n                <span class=\"fas fa-cloud-download-alt\"><\/span>\n            <\/div>    \n                    <\/a>\n                    <div class=\"icon-content\">\n                <h5 class=\"icon-title\">\n                                            <a href=\"https:\/\/bajafilmcommission.com\/wp-content\/uploads\/2025\/08\/REFORMA-2023-LEY-DE-PROMOCION-FOMENTO-Y-DESARROLLO-DE-LA-INDUSTRIA-CINEMATOGRAFICA-Y-AUDIOVISUAL-DEL-ESTADO-DE-BAJA-CALIFORNIA.pdf\" title=\"C\u00f3mo filmar en BC Direcci\u00f3n de Cinematograf\u00eda BC\" target=\"_blank\">\n                                        REFORMA 2023 - LEY DE PROMOCI\u00d3N, FOMENTO Y DESARROLLO DE LA INDUSTRIA CINEMATOGR\u00c1FICA Y AUDIOVISUAL DEL ESTADO DE BAJA CALIFORNIA                                            <\/a>\n                                    <\/h5>\n                <p class=\"icon-description\"><\/p>\n            <\/div>\n        <\/div>\n    <\/div>\n            <\/div>\n            \n        <\/div><\/div><\/div><div class=\"wpb_column vc_column_container vc_col-sm-4\"><div class=\"vc_column-inner\"><div class=\"wpb_wrapper\">\n\t<div  class=\"wpb_single_image wpb_content_element vc_align_center  wpb_animate_when_almost_visible wpb_fadeIn fadeIn\">\n\t\t\n\t\t<figure class=\"wpb_wrapper vc_figure\">\n\t\t\t<div class=\"vc_single_image-wrapper vc_box_shadow_3d  vc_box_border_grey\"><img loading=\"lazy\" decoding=\"async\" data-vc-zoom=\"https:\/\/bajafilmcommission.com\/wp-content\/uploads\/2020\/11\/RUTA-DEL-VINO-12-1024x682.jpg\" width=\"1024\" height=\"682\" src=\"https:\/\/bajafilmcommission.com\/wp-content\/uploads\/2020\/11\/RUTA-DEL-VINO-12-1024x682.jpg\" class=\"vc_single_image-img attachment-large\" alt=\"\" srcset=\"https:\/\/bajafilmcommission.com\/wp-content\/uploads\/2020\/11\/RUTA-DEL-VINO-12-1024x682.jpg 1024w, https:\/\/bajafilmcommission.com\/wp-content\/uploads\/2020\/11\/RUTA-DEL-VINO-12-300x200.jpg 300w, https:\/\/bajafilmcommission.com\/wp-content\/uploads\/2020\/11\/RUTA-DEL-VINO-12-768x512.jpg 768w, https:\/\/bajafilmcommission.com\/wp-content\/uploads\/2020\/11\/RUTA-DEL-VINO-12-1536x1024.jpg 1536w, https:\/\/bajafilmcommission.com\/wp-content\/uploads\/2020\/11\/RUTA-DEL-VINO-12-600x400.jpg 600w, https:\/\/bajafilmcommission.com\/wp-content\/uploads\/2020\/11\/RUTA-DEL-VINO-12.jpg 2000w\" sizes=\"auto, (max-width: 1024px) 100vw, 1024px\" \/><\/div>\n\t\t<\/figure>\n\t<\/div>\n<\/div><\/div><\/div><\/div><div class=\"vc_row-full-width vc_clearfix\"><\/div>","protected":false},"excerpt":{"rendered":"Formatos para Descargar Enviar los formatos llenos a javierespinoza@baja.gob.mx y bajafilmcommission@gmail.com Registro Producci\u00f3n Baja Film Commission C\u00f3mo Filmar en Baja California \/ How to Shoot in Baja California REFORMA 2023 - LEY DE PROMOCI\u00d3N, FOMENTO Y DESARROLLO DE LA INDUSTRIA CINEMATOGR\u00c1FICA Y AUDIOVISUAL DEL ESTADO DE BAJA CALIFORNIA","protected":false},"author":1,"featured_media":0,"parent":0,"menu_order":0,"comment_status":"closed","ping_status":"closed","template":"","meta":{"om_disable_all_campaigns":false,"footnotes":""},"class_list":["post-3458","page","type-page","status-publish","hentry","clearfix"],"_links":{"self":[{"href":"https:\/\/bajafilmcommission.com\/en\/wp-json\/wp\/v2\/pages\/3458","targetHints":{"allow":["GET"]}}],"collection":[{"href":"https:\/\/bajafilmcommission.com\/en\/wp-json\/wp\/v2\/pages"}],"about":[{"href":"https:\/\/bajafilmcommission.com\/en\/wp-json\/wp\/v2\/types\/page"}],"author":[{"embeddable":true,"href":"https:\/\/bajafilmcommission.com\/en\/wp-json\/wp\/v2\/users\/1"}],"replies":[{"embeddable":true,"href":"https:\/\/bajafilmcommission.com\/en\/wp-json\/wp\/v2\/comments?post=3458"}],"version-history":[{"count":52,"href":"https:\/\/bajafilmcommission.com\/en\/wp-json\/wp\/v2\/pages\/3458\/revisions"}],"predecessor-version":[{"id":5085,"href":"https:\/\/bajafilmcommission.com\/en\/wp-json\/wp\/v2\/pages\/3458\/revisions\/5085"}],"wp:attachment":[{"href":"https:\/\/bajafilmcommission.com\/en\/wp-json\/wp\/v2\/media?parent=3458"}],"curies":[{"name":"wp","href":"https:\/\/api.w.org\/{rel}","templated":true}]}}